{"id":1688,"date":"2026-03-12T22:50:02","date_gmt":"2026-03-13T01:50:02","guid":{"rendered":"https:\/\/flipper.unielo.com.br\/?page_id=1688"},"modified":"2026-03-13T16:52:42","modified_gmt":"2026-03-13T19:52:42","slug":"politica-de-cookies","status":"publish","type":"page","link":"https:\/\/www.grupoflipper.com.br\/en\/politica-de-cookies\/","title":{"rendered":"Cookies Policy"},"content":{"rendered":"<div data-elementor-type=\"wp-page\" data-elementor-id=\"1688\" class=\"elementor elementor-1688\" data-elementor-post-type=\"page\">\n\t\t\t\t<div class=\"elementor-element elementor-element-8cbfc50 e-con-full e-flex e-con e-parent\" data-id=\"8cbfc50\" data-element_type=\"container\" data-e-type=\"container\" data-settings=\"{&quot;background_background&quot;:&quot;classic&quot;}\">\n\t\t<div class=\"elementor-element elementor-element-f774c5f e-con-full e-flex e-con e-child\" data-id=\"f774c5f\" data-element_type=\"container\" data-e-type=\"container\">\n\t\t\t\t<div class=\"elementor-element elementor-element-69e8e20 elementor-widget elementor-widget-heading\" data-id=\"69e8e20\" data-element_type=\"widget\" data-e-type=\"widget\" data-widget_type=\"heading.default\">\n\t\t\t\t<div class=\"elementor-widget-container\">\n\t\t\t\t\t<h2 class=\"elementor-heading-title elementor-size-default\">Cookies Policy<\/h2>\t\t\t\t<\/div>\n\t\t\t\t<\/div>\n\t\t\t\t<div class=\"elementor-element elementor-element-8b94fec text_align elementor-align-center elementor-widget elementor-widget-xs-heading\" data-id=\"8b94fec\" data-element_type=\"widget\" data-e-type=\"widget\" data-widget_type=\"xs-heading.default\">\n\t\t\t\t<div class=\"elementor-widget-container\">\n\t\t\t\t\t                <p class=\"ind_ps ind_lead\">How we improved your browsing experience<\/p>\r\n            \t\t\t\t<\/div>\n\t\t\t\t<\/div>\n\t\t\t\t<\/div>\n\t\t\t\t<\/div>\n\t\t\t\t<section class=\"elementor-section elementor-top-section elementor-element elementor-element-6b955d1 elementor-section-boxed elementor-section-height-default elementor-section-height-default\" data-id=\"6b955d1\" data-element_type=\"section\" data-e-type=\"section\">\n\t\t\t\t\t\t<div class=\"elementor-container elementor-column-gap-default\">\n\t\t\t\t\t<div class=\"elementor-column elementor-col-100 elementor-top-column elementor-element elementor-element-f8e645f\" data-id=\"f8e645f\" data-element_type=\"column\" data-e-type=\"column\">\n\t\t\t<div class=\"elementor-widget-wrap elementor-element-populated\">\n\t\t\t\t\t\t<div class=\"elementor-element elementor-element-e3be28a section_titles elementor-align-center elementor-widget elementor-widget-tw-section-title\" data-id=\"e3be28a\" data-element_type=\"widget\" data-e-type=\"widget\" data-widget_type=\"tw-section-title.default\">\n\t\t\t\t<div class=\"elementor-widget-container\">\n\t\t\t\t\t                    <h6 class=\"sub_title\">Transparency in the use of cookies and technologies<\/h6>\n                            <h2 class=\"sec_title with_bar\">\n                                    <span>Cookies Policy<\/span>\n                            <\/h2>\n                \t\t\t\t<\/div>\n\t\t\t\t<\/div>\n\t\t\t\t\t<\/div>\n\t\t<\/div>\n\t\t\t\t\t<\/div>\n\t\t<\/section>\n\t\t\t\t<section class=\"elementor-section elementor-top-section elementor-element elementor-element-04269a7 elementor-section-boxed elementor-section-height-default elementor-section-height-default\" data-id=\"04269a7\" data-element_type=\"section\" data-e-type=\"section\">\n\t\t\t\t\t\t<div class=\"elementor-container elementor-column-gap-default\">\n\t\t\t\t\t<div class=\"elementor-column elementor-col-100 elementor-top-column elementor-element elementor-element-daeea1f\" data-id=\"daeea1f\" data-element_type=\"column\" data-e-type=\"column\">\n\t\t\t<div class=\"elementor-widget-wrap elementor-element-populated\">\n\t\t\t\t\t\t<div class=\"elementor-element elementor-element-dd59d57 conteudo elementor-widget elementor-widget-text-editor\" data-id=\"dd59d57\" data-element_type=\"widget\" data-e-type=\"widget\" data-widget_type=\"text-editor.default\">\n\t\t\t\t<div class=\"elementor-widget-container\">\n\t\t\t\t\t\t\t\t\t<h4><strong>What are cookies?<\/strong><\/h4><p>Cookies are small pieces of data in text files that are stored on your computer or other device when websites are loaded in a browser. They are widely used to \u201cremember\u201d you and your preferences, either for a single visit (via a \u201csession cookie\u201d) or for several repeat visits (using a \u201cpersistent cookie\u201d). They ensure a uniform and efficient experience for visitors and perform essential functions, such as allowing users to register and stay logged in. Cookies can be set by the website you are visiting (known as \u201cfirst-party cookies\u201d) or by third parties, such as those that serve content or provide advertising or analysis services on the website (\u201cthird-party cookies\u201d).<\/p><h4><strong>What is the difference between Cookies, SesionStorage and LocalStorage?<\/strong><\/h4><p>SesionStorage and LocalStorage have the same function as Cookies, the difference being their storage capacity and the period for which they are used. The following image shows each of them.<\/p><h4><strong>Which Local Storage are used on the site?<\/strong><\/h4><p>Currently used in localStorage are:<\/p><ul class=\"wp-block-list\"><li><strong>rc::a:<\/strong>\u00a0Google reCAPTCHA. The functionality is: to read and filter requests from bots. The purpose is: Marketing \/ Tracking.<\/li><li><strong>sb_wiz.sc_pq, sb_wiz.pq_tm, sb_wiz.sr_di, sb_wiz.qc, b_wiz.zpc e sb_wiz.pq:<\/strong>\u00a0This cookie was created by Google and is used to check and store whether the user is a human or a robot.<\/li><li><strong>jv_loader_info_xr8eWAWSF5:<\/strong>\u00a0This cookie provides technical information needed to load the widget.<\/li><\/ul><h4><strong>Which Session Storages are used on the site?<\/strong><\/h4><p><a href=\"https:\/\/bachelorarbeiten-ghostwriter.com\/\" target=\"_blank\" rel=\"noopener\">bachelor arbeit schreiben lassen kosten<\/a><\/p><p>Currently used in sessionStorage are:<\/p><ul class=\"wp-block-list\"><li><strong>rc::c:<\/strong>\u00a0The cookie is set by: Google reCAPTCHA. The functionality is: To read and filter requests from bots. The purpose is: Marketing \/ Tracking. Expiry date: session (when you leave the site).<\/li><\/ul><h4><strong>What cookies are used on the site?<\/strong><\/h4><p>Currently used on the site are:<\/p><ul class=\"wp-block-list\"><li><strong>NID:<\/strong>\u00a0This cookie is used by Google to display personalized ads on Google sites, based on recent searches and previous interactions. It lasts for 6 months. This cookie appears when you use any Google tool on the site.<\/li><li><strong>1P_JAR:<\/strong>\u00a0This cookie contains information about how the end user uses the website and any advertising that the end user may have seen before visiting said website. Lasts for 30 days. This cookie appears when you use any Google tool on the site.<\/li><li><strong>viewed_cookie_policy:<\/strong>\u00a0The cookie is set by: GDPR Cookie Consent. Functionality: To store whether the cookie notice has been viewed. Expiration period: persistent.<\/li><li><strong>CookieLawInfoConsent:<\/strong>\u00a0Records the status of the cookie notice button, whether it has been accepted or not. It only works in coordination with the main cookie \u201cviewed_cookie_policy\u201d and brings together the other cookies started with cookielawinfo.<\/li><li><strong>cookielawinfo-checkbox-others.<\/strong><\/li><li><strong>cookielawinfo-checkbox-necessary.<\/strong><\/li><li><strong>cookielawinfo-checkbox-advertisement.<\/strong><\/li><li><strong>cookielawinfo-checkbox-analytics.<\/strong><\/li><li><strong>cookielawinfo-checkbox-performance.<\/strong><\/li><li><strong>cookielawinfo-checkbox-functional.<\/strong><\/li><\/ul>\t\t\t\t\t\t\t\t<\/div>\n\t\t\t\t<\/div>\n\t\t\t\t\t<\/div>\n\t\t<\/div>\n\t\t\t\t\t<\/div>\n\t\t<\/section>\n\t\t\t\t<\/div>","protected":false},"excerpt":{"rendered":"<p>Como melhoramos sua navega\u00e7\u00e3o Transpar\u00eancia no uso de cookies e tecnologias Pol\u00edtica de Cookies O que s\u00e3o cookies? Cookies s\u00e3o pequenos peda\u00e7os de dados em arquivos de texto, que s\u00e3o armazenados no seu computador ou em outro dispositivo quando os sites s\u00e3o carregados em um navegador. Eles s\u00e3o amplamente usados para \u201clembrar\u201d de voc\u00ea e [&hellip;]<\/p>\n","protected":false},"author":1,"featured_media":0,"parent":0,"menu_order":0,"comment_status":"closed","ping_status":"closed","template":"page-templates\/full-width.php","meta":{"footnotes":""},"class_list":["post-1688","page","type-page","status-publish","hentry"],"_links":{"self":[{"href":"https:\/\/www.grupoflipper.com.br\/en\/wp-json\/wp\/v2\/pages\/1688","targetHints":{"allow":["GET"]}}],"collection":[{"href":"https:\/\/www.grupoflipper.com.br\/en\/wp-json\/wp\/v2\/pages"}],"about":[{"href":"https:\/\/www.grupoflipper.com.br\/en\/wp-json\/wp\/v2\/types\/page"}],"author":[{"embeddable":true,"href":"https:\/\/www.grupoflipper.com.br\/en\/wp-json\/wp\/v2\/users\/1"}],"replies":[{"embeddable":true,"href":"https:\/\/www.grupoflipper.com.br\/en\/wp-json\/wp\/v2\/comments?post=1688"}],"version-history":[{"count":31,"href":"https:\/\/www.grupoflipper.com.br\/en\/wp-json\/wp\/v2\/pages\/1688\/revisions"}],"predecessor-version":[{"id":2339,"href":"https:\/\/www.grupoflipper.com.br\/en\/wp-json\/wp\/v2\/pages\/1688\/revisions\/2339"}],"wp:attachment":[{"href":"https:\/\/www.grupoflipper.com.br\/en\/wp-json\/wp\/v2\/media?parent=1688"}],"curies":[{"name":"wp","href":"https:\/\/api.w.org\/{rel}","templated":true}]}}