{"id":3,"date":"2019-12-06T12:05:11","date_gmt":"2019-12-06T12:05:11","guid":{"rendered":"https:\/\/flipper.unielo.com.br\/?page_id=3"},"modified":"2026-03-26T09:36:09","modified_gmt":"2026-03-26T12:36:09","slug":"politicadeprivacidade","status":"publish","type":"page","link":"https:\/\/www.grupoflipper.com.br\/en\/politicadeprivacidade\/","title":{"rendered":"Privacy Policy"},"content":{"rendered":"<div data-elementor-type=\"wp-page\" data-elementor-id=\"3\" class=\"elementor elementor-3\" data-elementor-post-type=\"page\">\n\t\t\t\t<div class=\"elementor-element elementor-element-73523f5 e-con-full e-flex e-con e-parent\" data-id=\"73523f5\" data-element_type=\"container\" data-e-type=\"container\" data-settings=\"{&quot;background_background&quot;:&quot;classic&quot;}\">\n\t\t<div class=\"elementor-element elementor-element-fec13b6 e-con-full e-flex e-con e-child\" data-id=\"fec13b6\" data-element_type=\"container\" data-e-type=\"container\">\n\t\t\t\t<div class=\"elementor-element elementor-element-6e7fc93 text_align elementor-align-center elementor-widget elementor-widget-xs-heading\" data-id=\"6e7fc93\" data-element_type=\"widget\" data-e-type=\"widget\" data-widget_type=\"xs-heading.default\">\n\t\t\t\t<div class=\"elementor-widget-container\">\n\t\t\t\t\t                <p class=\"ind_ps ind_lead\">Commitment to protection<\/p>\r\n            \t\t\t\t<\/div>\n\t\t\t\t<\/div>\n\t\t\t\t<\/div>\n\t\t\t\t<\/div>\n\t\t\t\t<section class=\"elementor-section elementor-top-section elementor-element elementor-element-ebcbd73 elementor-section-boxed elementor-section-height-default elementor-section-height-default\" data-id=\"ebcbd73\" data-element_type=\"section\" data-e-type=\"section\">\n\t\t\t\t\t\t<div class=\"elementor-container elementor-column-gap-default\">\n\t\t\t\t\t<div class=\"elementor-column elementor-col-100 elementor-top-column elementor-element elementor-element-796be9f\" data-id=\"796be9f\" data-element_type=\"column\" data-e-type=\"column\">\n\t\t\t<div class=\"elementor-widget-wrap elementor-element-populated\">\n\t\t\t\t\t\t<div class=\"elementor-element elementor-element-b66f41c section_titles elementor-align-center elementor-widget elementor-widget-tw-section-title\" data-id=\"b66f41c\" data-element_type=\"widget\" data-e-type=\"widget\" data-widget_type=\"tw-section-title.default\">\n\t\t\t\t<div class=\"elementor-widget-container\">\n\t\t\t\t\t                    <h6 class=\"sub_title\">SECURITY OF YOUR PERSONAL DATA<\/h6>\n                            <h2 class=\"sec_title with_bar\">\n                                    <span>Privacy Policy<\/span>\n                            <\/h2>\n                \t\t\t\t<\/div>\n\t\t\t\t<\/div>\n\t\t\t\t\t<\/div>\n\t\t<\/div>\n\t\t\t\t\t<\/div>\n\t\t<\/section>\n\t\t\t\t<section class=\"elementor-section elementor-top-section elementor-element elementor-element-5cd5dc2 elementor-section-boxed elementor-section-height-default elementor-section-height-default\" data-id=\"5cd5dc2\" data-element_type=\"section\" data-e-type=\"section\">\n\t\t\t\t\t\t<div class=\"elementor-container elementor-column-gap-default\">\n\t\t\t\t\t<div class=\"elementor-column elementor-col-100 elementor-top-column elementor-element elementor-element-44399f5\" data-id=\"44399f5\" data-element_type=\"column\" data-e-type=\"column\">\n\t\t\t<div class=\"elementor-widget-wrap elementor-element-populated\">\n\t\t\t\t\t\t<div class=\"elementor-element elementor-element-935355a conteudo elementor-widget elementor-widget-text-editor\" data-id=\"935355a\" data-element_type=\"widget\" data-e-type=\"widget\" data-widget_type=\"text-editor.default\">\n\t\t\t\t<div class=\"elementor-widget-container\">\n\t\t\t\t\t\t\t\t\t<p>We, at FLIPPER LOG\u00cdSTICA INTERNACIONAL LTDA - GRUPO FLIPPER, wish to maintain a relationship of trust and transparency with all users of our services and with all people who, in any way, relate to us.<\/p><p>The Privacy Notice sets out what information we collect from you, why we collect it, whether we share it and with whom we share it.<\/p><p>The priority is to ensure your privacy and the security of your personal data. Any information you provide us with will be treated in accordance with the law and within the limits set out here.<\/p><h4><strong>1. WHAT DO YOU NEED TO KNOW BEFORE READING THIS NOTICE?<\/strong><\/h4><p>For the sake of clarity we inform<\/p><figure class=\"wp-block-table\"><table class=\"has-fixed-layout\" style=\"height: 940px;\" width=\"1098\"><tbody><tr><td>Terms\/Expressions<\/td><td>Meaning<\/td><\/tr><tr><td>Personal data<\/td><td class=\"translation-block\">Any information relating to an identified or identifiable natural person. directly or indirectly through an identifier.<\/td><\/tr><tr><td class=\"translation-block\">Sensitive personal data<\/td><td class=\"translation-block\">Any personal data concerning racial or ethnic origin, religious conviction, political opinion, membership of a trade union or religious, philosophical or political organization; concerning health or sex life; or genetic or biometric data.<\/td><\/tr><tr><td>Analyst<\/td><td class=\"translation-block\">Term that designates the Personal Data Processing Analyst of GRUPO FLIPPER, who acts in communication with you and with the National Data Protection Authority - ANPD.<\/td><\/tr><tr><td>GRUPO FLIPPER<\/td><td class=\"translation-block\">FLIPPER LOG\u00cdSTICA INTERNACIONAL LTDA - GRUPO FLIPPER, located at Rua Amador Bueno 333 cj. 1614, 16\u00ba andar and, FLIPPER ASSESSORIA ADUANEIRA LTDA, Rua Amador Bueno 333 cj. 1612, 16\u00ba andar, CEP 11013-153, both in the city of Santos\/SP, registered with the CNPJ\/MF under n\u00ba 00.158.200\/0001-77 and 10.261.975\/0001-27, respectively.<\/td><\/tr><tr><td>Third<\/td><td class=\"translation-block\">Refers to, but is not limited to, any and all individuals or legal entities with which GRUPO FLIPPER has or will have a relationship.<\/td><\/tr><tr><td>Data subject<\/td><td>Natural person to whom the personal data refers.<\/td><\/tr><tr><td>Processing<\/td><td class=\"translation-block\">Any operation with personal data, such as: collection, reception, classification, use, access, reproduction, transmission, distribution, etc.<\/td><\/tr><\/tbody><\/table><\/figure><h4><strong>2. WHAT PERSONAL DATA DO WE COLLECT?<\/strong><\/h4><p>Out of respect for your privacy, the personal data we collect is limited to the minimum necessary as a result of your direct or indirect relationship with us.<\/p><p>Below, grouped into categories, we present the main personal data processed by GRUPO FLIPPER:<\/p><ul class=\"wp-block-list\"><li><strong>Main identification information:<\/strong>\u00a0name, CNPJ, company name, profession, position and other information of particular relevance;<\/li><li><strong>Contact information:<\/strong>\u00a0business address, zip code, landline and\/or cell phone number(s) and personal and\/or professional e-mail addresses;<\/li><li><strong>Financial information:<\/strong>\u00a0current account, bank branch, PIX and share capital (linked to the contracting of services);<\/li><li><strong>Behavioral information:<\/strong>\u00a0navigation and history of use of the system, with a view to improving our services and processes;<\/li><li><strong>Attributes associated with the electronic devices you use:<\/strong>\u00a0access provider, operating system, browser (type, version, options enabled and plug-ins installed), video settings (size\/resolution and number of colors), date and time of access and pages viewed, identified by means of cookies;<\/li><li><strong>Information from third parties and\/or credit bureaus, which contains registration, behavioral and financial data.<\/strong><\/li><li><strong>General Data:<\/strong>\u00a0information sent by you of your own free will through any means, or collected through the electronic or non-electronic service channels maintained by the company.<\/li><\/ul><h4><strong>3. HOW DO WE COLLECT YOUR PERSONAL DATA?<\/strong><\/h4><p>The information we process about you at the Grupo Flipper may have originated from various sources. Data provided directly by you.<\/p><h5><strong>3.1 Data provided directly by you<\/strong><\/h5><p><a href=\"https:\/\/ghostwriting-hausarbeiten.com\/facharbeit-schreiben\/\" target=\"_blank\" rel=\"noopener\">facharbeit erzieher schreiben lassen<\/a><\/p><p>Desde o in\u00edcio da sua intera\u00e7\u00e3o conosco, voc\u00ea pode, voluntariamente, disponibilizar informa\u00e7\u00f5es a seu respeito ao contatar-nos, por exemplo, por meio de redes sociais, cadastrando-se no nosso portal\u00a0<a href=\"http:\/\/www.grupoflipper.com.br\/en\/\" target=\"_blank\" rel=\"noreferrer noopener\">www.GRUPOFLIPPER.com.br<\/a>, ao contatar-nos pelos nossos canais de atendimento, ao solicitar cota\u00e7\u00f5es\/propostas, contratar servi\u00e7os ou ao inscrever-se para participar das nossas Visitas T\u00e9cnicas, Cursos e Palestras, reuni\u00f5es ou eventos.<\/p><h5><strong>3.2 Data obtained from third parties<\/strong><\/h5><p>We may receive some of your personal data from third parties, for example in situations where information is made available by contractors or partners of GRUPO FLIPPER.<\/p><h5><strong>3.3 Data collected automatically<\/strong><\/h5><p>We may automatically collect personal data from the devices you use to access our websites in order to generate access statistics. This data does not always make it possible to identify the user.<\/p><h5><strong>3.4 Publicly available data<\/strong><\/h5><p>We may collect information from you that is publicly available, including but not limited to social media and government databases.<\/p><h4><strong>4. HOW WE USE YOUR INFORMATION<\/strong><\/h4><p>Your personal data collected by GRUPO FLIPPER is used for the following purposes:<\/p><h5><strong>4.1 To fulfill the purpose for which the data was provided<\/strong><\/h5><p>We process your personal data based on the purpose for which you provided it.<\/p><h5><strong>4.2 Complying with our legal or regulatory obligations<\/strong><\/h5><p>Your personal data may be used to comply with our obligations under the law or the rules of government agencies, the judiciary and\/or other competent authorities.<\/p><h5><strong>4.3 To enable the regular exercise of our rights<\/strong><\/h5><p>Your personal data may be used to comply with our obligations under the law or the rules of government agencies, tax authorities, the judiciary and\/or other competent authorities.<\/p><h5><strong>4.4 Enabling activities necessary for our organization<\/strong><\/h5><p>To enable and improve our essential activities, such as those relating to communication and marketing, but always observing the limits of your expectations and never to the detriment of your interests, your rights.<\/p><h5><strong>4.5 To execute an agreement or contract you have entered into with us or to carry out pre-contractual steps<\/strong><\/h5><p>We use your personal data to register you as a contractor for our services and products and to enable us to execute this agreement, pre-contract or contract.<\/p><h5><strong>4.6 Preventing fraud and ensuring your security<\/strong><\/h5><p>We may process your personal data to ensure your security and that of third parties, to carry out physical and remote access control and to prevent fraud relating to identification and intrusions.<\/p><h5><strong>4.7 Advertising<\/strong><\/h5><p>We may use your personal data to create segmentations of target audiences in order to promote updated content from marketing campaigns of GRUPO FLIPPER in a more appropriate and targeted manner.<\/p><h4><strong>5. WHAT COOKIES ARE AND HOW WE USE THEM<\/strong><\/h4><p>Cookies are text files that can be stored on electronic devices when you visit one of our websites. We use this tool for different purposes, such as generating access statistics and ensuring the operation of our website\/system.<\/p><p>We would like to point out that some cookies are essential for the normal functioning of our sites, and opposing their use may result in the experience you would have being rendered useless or access being suspended.<\/p><h4><strong>6. WITH WHOM WE SHARE YOUR PERSONAL DATA<\/strong><\/h4><p>It is possible that we may share your personal data, restricting it to the minimum appropriate and necessary to fulfill one of the specific purposes previously informed to you.<\/p><p>When we carry out this sharing, we use technical and administrative means to ensure the security of this activity and its subsequent processing.<\/p><h4><strong>7. HOW WE PROTECT YOUR PERSONAL DATA<\/strong><\/h4><p>There are internal policies, procedures and protocols that determine how personal data should be processed by us and by whom it can be accessed. These rules aim to guarantee the proper and lawful processing of the personal data we hold, including yours.<\/p><h4><strong>8. WHAT ARE YOUR RIGHTS AND HOW CAN YOU EXERCISE THEM?<\/strong><\/h4><p>Whatever relationship you choose to establish with GRUPO FLIPPER, you are guaranteed all legal rights relating to your personal data.<\/p><p>To exercise any of your rights, you must send an email to our Personal Data Processing Analyst at the following email address:\u00a0<a href=\"mailto:tinfo@grupoflipper.com.br\" target=\"_blank\" rel=\"noreferrer noopener\">tinfo@grupoflipper.com.br<\/a>All requests will be processed in accordance with the timeframe stipulated by law or by ANPD regulations.<\/p><h4><strong>9. UPDATING THIS PRIVACY NOTICE<\/strong><\/h4><p>This Privacy Notice may be changed at any time to ensure our commitment to transparency with you. Please check the portal.\u00a0<a href=\"http:\/\/www.grupoflipper.com.br\/en\/\" target=\"_blank\" rel=\"noreferrer noopener\">www.grupoflipper.com.br<\/a>\u00a0periodically check if any changes have been made to this document.<\/p><h4><strong>10. CLARIFICATION OF DOUBTS<\/strong><\/h4><p>If you have any questions about this Notice or about the processing of your personal data by the GRUPO FLIPPER, please contact our Personal Data Processing Analyst by email.\u00a0<a href=\"mailto:tinfo@grupoflipper.com.br\" target=\"_blank\" rel=\"noreferrer noopener\">tinfo@grupoflipper.com.br<\/a>.<\/p>\t\t\t\t\t\t\t\t<\/div>\n\t\t\t\t<\/div>\n\t\t\t\t\t<\/div>\n\t\t<\/div>\n\t\t\t\t\t<\/div>\n\t\t<\/section>\n\t\t\t\t<\/div>","protected":false},"excerpt":{"rendered":"<p>Compromisso com a prote\u00e7\u00e3o SEGURAN\u00c7A DOS SEUS DADOS PESSOAIS Pol\u00edtica de Privacidade N\u00f3s da FLIPPER LOG\u00cdSTICA INTERNACIONAL LTDA \u2013 GRUPO FLIPPER, desejamos manter uma rela\u00e7\u00e3o de confian\u00e7a e de transpar\u00eancia com todos os usu\u00e1rios dos nossos servi\u00e7os e com todas as pessoas que, de alguma forma, se relacionam conosco. No Aviso de Privacidade apresentamos quais [&hellip;]<\/p>\n","protected":false},"author":1,"featured_media":0,"parent":0,"menu_order":0,"comment_status":"closed","ping_status":"closed","template":"page-templates\/full-width.php","meta":{"footnotes":""},"class_list":["post-3","page","type-page","status-publish","hentry"],"_links":{"self":[{"href":"https:\/\/www.grupoflipper.com.br\/en\/wp-json\/wp\/v2\/pages\/3","targetHints":{"allow":["GET"]}}],"collection":[{"href":"https:\/\/www.grupoflipper.com.br\/en\/wp-json\/wp\/v2\/pages"}],"about":[{"href":"https:\/\/www.grupoflipper.com.br\/en\/wp-json\/wp\/v2\/types\/page"}],"author":[{"embeddable":true,"href":"https:\/\/www.grupoflipper.com.br\/en\/wp-json\/wp\/v2\/users\/1"}],"replies":[{"embeddable":true,"href":"https:\/\/www.grupoflipper.com.br\/en\/wp-json\/wp\/v2\/comments?post=3"}],"version-history":[{"count":46,"href":"https:\/\/www.grupoflipper.com.br\/en\/wp-json\/wp\/v2\/pages\/3\/revisions"}],"predecessor-version":[{"id":3258,"href":"https:\/\/www.grupoflipper.com.br\/en\/wp-json\/wp\/v2\/pages\/3\/revisions\/3258"}],"wp:attachment":[{"href":"https:\/\/www.grupoflipper.com.br\/en\/wp-json\/wp\/v2\/media?parent=3"}],"curies":[{"name":"wp","href":"https:\/\/api.w.org\/{rel}","templated":true}]}}