{"id":3012,"date":"2026-03-25T11:15:38","date_gmt":"2026-03-25T14:15:38","guid":{"rendered":"https:\/\/flipper.unielo.com.br\/?page_id=3012"},"modified":"2026-04-08T08:51:38","modified_gmt":"2026-04-08T11:51:38","slug":"politicas","status":"publish","type":"page","link":"https:\/\/www.grupoflipper.com.br\/en\/politicas\/","title":{"rendered":"Policies"},"content":{"rendered":"<div data-elementor-type=\"wp-page\" data-elementor-id=\"3012\" class=\"elementor elementor-3012\" data-elementor-post-type=\"page\">\n\t\t\t\t<div class=\"elementor-element elementor-element-f13dc66 e-con-full e-flex e-con e-parent\" data-id=\"f13dc66\" data-element_type=\"container\" data-e-type=\"container\" data-settings=\"{&quot;background_background&quot;:&quot;classic&quot;}\">\n\t\t<div class=\"elementor-element elementor-element-53e6761 e-con-full e-flex e-con e-child\" data-id=\"53e6761\" data-element_type=\"container\" data-e-type=\"container\">\n\t\t\t\t<div class=\"elementor-element elementor-element-3c0bf06 elementor-widget elementor-widget-heading\" data-id=\"3c0bf06\" data-element_type=\"widget\" data-e-type=\"widget\" data-widget_type=\"heading.default\">\n\t\t\t\t<div class=\"elementor-widget-container\">\n\t\t\t\t\t<h2 class=\"elementor-heading-title elementor-size-default\">Policies<\/h2>\t\t\t\t<\/div>\n\t\t\t\t<\/div>\n\t\t\t\t<div class=\"elementor-element elementor-element-ecb767e text_align elementor-align-center elementor-hidden-desktop elementor-hidden-tablet elementor-hidden-mobile elementor-widget elementor-widget-xs-heading\" data-id=\"ecb767e\" data-element_type=\"widget\" data-e-type=\"widget\" data-widget_type=\"xs-heading.default\">\n\t\t\t\t<div class=\"elementor-widget-container\">\n\t\t\t\t\t                <p class=\"ind_ps ind_lead\">Lorem Ipsum<\/p>\r\n            \t\t\t\t<\/div>\n\t\t\t\t<\/div>\n\t\t\t\t<\/div>\n\t\t\t\t<\/div>\n\t\t\t\t<section class=\"elementor-section elementor-top-section elementor-element elementor-element-b409093 elementor-reverse-mobile elementor-section-boxed elementor-section-height-default elementor-section-height-default\" data-id=\"b409093\" data-element_type=\"section\" data-e-type=\"section\">\n\t\t\t\t\t\t<div class=\"elementor-container elementor-column-gap-default\">\n\t\t\t\t\t<div class=\"elementor-column elementor-col-50 elementor-top-column elementor-element elementor-element-dfd82a9\" data-id=\"dfd82a9\" data-element_type=\"column\" data-e-type=\"column\" data-settings=\"{&quot;background_background&quot;:&quot;classic&quot;}\">\n\t\t\t<div class=\"elementor-widget-wrap elementor-element-populated\">\n\t\t\t\t\t\t<div class=\"elementor-element elementor-element-6c60c7f elementor-hidden-desktop elementor-widget elementor-widget-spacer\" data-id=\"6c60c7f\" data-element_type=\"widget\" data-e-type=\"widget\" data-widget_type=\"spacer.default\">\n\t\t\t\t<div class=\"elementor-widget-container\">\n\t\t\t\t\t\t\t<div class=\"elementor-spacer\">\n\t\t\t<div class=\"elementor-spacer-inner\"><\/div>\n\t\t<\/div>\n\t\t\t\t\t\t<\/div>\n\t\t\t\t<\/div>\n\t\t\t\t\t<\/div>\n\t\t<\/div>\n\t\t\t\t<div class=\"elementor-column elementor-col-50 elementor-top-column elementor-element elementor-element-39161a6\" data-id=\"39161a6\" data-element_type=\"column\" data-e-type=\"column\">\n\t\t\t<div class=\"elementor-widget-wrap elementor-element-populated\">\n\t\t\t\t\t\t<div class=\"elementor-element elementor-element-469e616 section_titles elementor-align-left elementor-widget elementor-widget-tw-section-title\" data-id=\"469e616\" data-element_type=\"widget\" data-e-type=\"widget\" data-widget_type=\"tw-section-title.default\">\n\t\t\t\t<div class=\"elementor-widget-container\">\n\t\t\t\t\t                    <h6 class=\"sub_title\">Policies<\/h6>\n                            <h2 class=\"sec_title with_bar\">\n                                    <span>Policies <br>Grupo Flipper <\/span>\n                            <\/h2>\n                \t\t\t\t<\/div>\n\t\t\t\t<\/div>\n\t\t\t\t<div class=\"elementor-element elementor-element-d16da98 text_align elementor-align-left elementor-widget elementor-widget-xs-heading\" data-id=\"d16da98\" data-element_type=\"widget\" data-e-type=\"widget\" data-widget_type=\"xs-heading.default\">\n\t\t\t\t<div class=\"elementor-widget-container\">\n\t\t\t\t\t                <p class=\"ind_ps\">Grupo Flipper policies reflect a commitment to ethics, transparency, and responsibility in all relationships. More than just formal guidelines, they structure how the company conducts its operations, protects data, and positions itself in response to market and societal demands.\n<br><br>\nAligned with ESG principles, our policies reinforce sustainable practices, respect for privacy, and sound governance, ensuring security and reliability for clients, partners, and employees. Our Privacy Policy and Cookie Policy guarantee the responsible handling of information.\n<br><br>\nThis set of guidelines strengthens the organizational culture and supports strategic decisions, contributing to ethical and efficient performance aligned with global best practices. At Grupo Flipper, policies are not just rules\u2014they are the foundation for lasting relationships and sustainable growth.<\/p>\r\n            \t\t\t\t<\/div>\n\t\t\t\t<\/div>\n\t\t\t\t\t<\/div>\n\t\t<\/div>\n\t\t\t\t\t<\/div>\n\t\t<\/section>\n\t\t<div class=\"elementor-element elementor-element-56c6a8e servicep e-flex e-con-boxed e-con e-parent\" data-id=\"56c6a8e\" data-element_type=\"container\" data-e-type=\"container\" data-settings=\"{&quot;background_background&quot;:&quot;classic&quot;}\">\n\t\t\t\t\t<div class=\"e-con-inner\">\n\t\t\t\t<div class=\"elementor-element elementor-element-eb3aed6 section_titles elementor-align-center elementor-widget elementor-widget-tw-section-title\" data-id=\"eb3aed6\" data-element_type=\"widget\" data-e-type=\"widget\" data-widget_type=\"tw-section-title.default\">\n\t\t\t\t<div class=\"elementor-widget-container\">\n\t\t\t\t\t                    <h6 class=\"sub_title\">Ethics, transparency and responsibility<\/h6>\n                            <h2 class=\"sec_title with_bar\">\n                                    <span>Learn about our policies<\/span>\n                            <\/h2>\n                \t\t\t\t<\/div>\n\t\t\t\t<\/div>\n\t\t\t\t<div class=\"elementor-element elementor-element-e53f09e elementor-widget elementor-widget-tw-service\" data-id=\"e53f09e\" data-element_type=\"widget\" data-e-type=\"widget\" data-widget_type=\"tw-service.default\">\n\t\t\t\t<div class=\"elementor-widget-container\">\n\t\t\t\t\t<div class=\"row\">            \n            <div class=\"col-xl-4 col-lg-6 col-md-6\">\n                <div class=\"singleService\">\n\n                                            <div class=\"serviceThumb\">\n                            <img fetchpriority=\"high\" decoding=\"async\" width=\"333\" height=\"220\" src=\"https:\/\/www.grupoflipper.com.br\/wp-content\/uploads\/2026\/03\/POLITICAS-ESG_banner-333x220.jpg\" class=\"attachment-industing-service-2 size-industing-service-2 wp-post-image\" alt=\"\" \/>\n                            <a href=\"https:\/\/www.grupoflipper.com.br\/en\/politicas-empresariais-e-esg\/\">\n                                <span>Learn More<\/span>\n                            <\/a>\n                        <\/div>\n                    \n                    <div class=\"serviceDetails\">\n                        <h2>\n                            <a href=\"https:\/\/www.grupoflipper.com.br\/en\/politicas-empresariais-e-esg\/\">\n                                Corporate Policies and ESGs                            <\/a>\n                        <\/h2>\n\n                        <p>Grupo Flipper Policies establish governance guidelines that direct conduct, decisions, and controls to ensure legal compliance, integrity, operational continuity, and excellence in service delivery. <\/p>\n                    <\/div>\n\n                <\/div>\n            <\/div>\n\n                        \n            <div class=\"col-xl-4 col-lg-6 col-md-6\">\n                <div class=\"singleService\">\n\n                                            <div class=\"serviceThumb\">\n                            <img decoding=\"async\" width=\"333\" height=\"220\" src=\"https:\/\/www.grupoflipper.com.br\/wp-content\/uploads\/2026\/03\/POLITICAS-ESG_privacidade-1-333x220.jpg\" class=\"attachment-industing-service-2 size-industing-service-2 wp-post-image\" alt=\"\" \/>\n                            <a href=\"https:\/\/www.grupoflipper.com.br\/en\/politicadeprivacidade\/\">\n                                <span>Learn More<\/span>\n                            <\/a>\n                        <\/div>\n                    \n                    <div class=\"serviceDetails\">\n                        <h2>\n                            <a href=\"https:\/\/www.grupoflipper.com.br\/en\/politicadeprivacidade\/\">\n                                Privacy Policy                            <\/a>\n                        <\/h2>\n\n                        <p><br>We at the Grupo Flipper wish to maintain a relationship of trust and transparency with all users of our services and with all individuals who, in some way, interact with us.<\/p>\n                    <\/div>\n\n                <\/div>\n            <\/div>\n\n                        \n            <div class=\"col-xl-4 col-lg-6 col-md-6\">\n                <div class=\"singleService\">\n\n                                            <div class=\"serviceThumb\">\n                            <img decoding=\"async\" width=\"333\" height=\"220\" src=\"https:\/\/www.grupoflipper.com.br\/wp-content\/uploads\/2026\/03\/POLITICAS-ESG_cookies-333x220.jpg\" class=\"attachment-industing-service-2 size-industing-service-2 wp-post-image\" alt=\"\" \/>\n                            <a href=\"https:\/\/www.grupoflipper.com.br\/en\/politica-de-cookies\/\">\n                                <span>Learn More<\/span>\n                            <\/a>\n                        <\/div>\n                    \n                    <div class=\"serviceDetails\">\n                        <h2>\n                            <a href=\"https:\/\/www.grupoflipper.com.br\/en\/politica-de-cookies\/\">\n                                Cookies Policy                            <\/a>\n                        <\/h2>\n\n                        <p><br>The Grupo Flipper  website uses cookies to improve performance, personalize browsing, and ensure transparency in the processing of personal data, respecting user privacy.<\/p>\n                    <\/div>\n\n                <\/div>\n            <\/div>\n\n            <\/div>\t\t\t\t<\/div>\n\t\t\t\t<\/div>\n\t\t\t\t\t<\/div>\n\t\t\t\t<\/div>\n\t\t\t\t<section class=\"elementor-section elementor-top-section elementor-element elementor-element-a5b9088 elementor-section-boxed elementor-section-height-default elementor-section-height-default\" data-id=\"a5b9088\" data-element_type=\"section\" data-e-type=\"section\" data-settings=\"{&quot;background_background&quot;:&quot;classic&quot;}\">\n\t\t\t\t\t\t<div class=\"elementor-container elementor-column-gap-default\">\n\t\t\t\t\t<div class=\"elementor-column elementor-col-100 elementor-top-column elementor-element elementor-element-edae8d7\" data-id=\"edae8d7\" data-element_type=\"column\" data-e-type=\"column\">\n\t\t\t<div class=\"elementor-widget-wrap elementor-element-populated\">\n\t\t\t\t\t\t<div class=\"elementor-element elementor-element-35e7e1d section_titles elementor-align-center elementor-widget elementor-widget-tw-section-title\" data-id=\"35e7e1d\" data-element_type=\"widget\" data-e-type=\"widget\" data-widget_type=\"tw-section-title.default\">\n\t\t\t\t<div class=\"elementor-widget-container\">\n\t\t\t\t\t                    <h6 class=\"sub_title\">WE ARE PRESENT<\/h6>\n                            <h2 class=\"sec_title with_bar\">\n                                    <span>Affiliations and participations<\/span>\n                            <\/h2>\n                \t\t\t\t<\/div>\n\t\t\t\t<\/div>\n\t\t\t\t<section class=\"elementor-section elementor-inner-section elementor-element elementor-element-ba0118e elementor-section-content-middle elementor-section-boxed elementor-section-height-default elementor-section-height-default\" data-id=\"ba0118e\" data-element_type=\"section\" data-e-type=\"section\">\n\t\t\t\t\t\t<div class=\"elementor-container elementor-column-gap-default\">\n\t\t\t\t\t<div class=\"elementor-column elementor-col-14 elementor-inner-column elementor-element elementor-element-45d6998\" data-id=\"45d6998\" data-element_type=\"column\" data-e-type=\"column\">\n\t\t\t<div class=\"elementor-widget-wrap elementor-element-populated\">\n\t\t\t\t\t\t<div class=\"elementor-element elementor-element-89e129f elementor-widget elementor-widget-image\" data-id=\"89e129f\" data-element_type=\"widget\" data-e-type=\"widget\" data-widget_type=\"image.default\">\n\t\t\t\t<div class=\"elementor-widget-container\">\n\t\t\t\t\t\t\t\t\t\t\t\t\t\t\t<img loading=\"lazy\" decoding=\"async\" width=\"321\" height=\"135\" src=\"https:\/\/www.grupoflipper.com.br\/wp-content\/uploads\/2026\/02\/acs-logo.png\" class=\"attachment-full size-full wp-image-1070\" alt=\"\" srcset=\"https:\/\/www.grupoflipper.com.br\/wp-content\/uploads\/2026\/02\/acs-logo.png 321w, https:\/\/www.grupoflipper.com.br\/wp-content\/uploads\/2026\/02\/acs-logo-300x126.png 300w\" sizes=\"(max-width: 321px) 100vw, 321px\" \/>\t\t\t\t\t\t\t\t\t\t\t\t\t\t\t<\/div>\n\t\t\t\t<\/div>\n\t\t\t\t\t<\/div>\n\t\t<\/div>\n\t\t\t\t<div class=\"elementor-column elementor-col-14 elementor-inner-column elementor-element elementor-element-ccd2130\" data-id=\"ccd2130\" data-element_type=\"column\" data-e-type=\"column\">\n\t\t\t<div class=\"elementor-widget-wrap elementor-element-populated\">\n\t\t\t\t\t\t<div class=\"elementor-element elementor-element-c54dbd0 elementor-widget elementor-widget-image\" data-id=\"c54dbd0\" data-element_type=\"widget\" data-e-type=\"widget\" data-widget_type=\"image.default\">\n\t\t\t\t<div class=\"elementor-widget-container\">\n\t\t\t\t\t\t\t\t\t\t\t\t\t\t\t<img loading=\"lazy\" decoding=\"async\" width=\"1085\" height=\"739\" src=\"https:\/\/www.grupoflipper.com.br\/wp-content\/uploads\/2026\/02\/Movimento_ODS_Santos_2030.png\" class=\"attachment-full size-full wp-image-949\" alt=\"\" srcset=\"https:\/\/www.grupoflipper.com.br\/wp-content\/uploads\/2026\/02\/Movimento_ODS_Santos_2030.png 1085w, https:\/\/www.grupoflipper.com.br\/wp-content\/uploads\/2026\/02\/Movimento_ODS_Santos_2030-300x204.png 300w, https:\/\/www.grupoflipper.com.br\/wp-content\/uploads\/2026\/02\/Movimento_ODS_Santos_2030-1024x697.png 1024w, https:\/\/www.grupoflipper.com.br\/wp-content\/uploads\/2026\/02\/Movimento_ODS_Santos_2030-768x523.png 768w\" sizes=\"(max-width: 1085px) 100vw, 1085px\" \/>\t\t\t\t\t\t\t\t\t\t\t\t\t\t\t<\/div>\n\t\t\t\t<\/div>\n\t\t\t\t\t<\/div>\n\t\t<\/div>\n\t\t\t\t<div class=\"elementor-column elementor-col-14 elementor-inner-column elementor-element elementor-element-4932985\" data-id=\"4932985\" data-element_type=\"column\" data-e-type=\"column\">\n\t\t\t<div class=\"elementor-widget-wrap elementor-element-populated\">\n\t\t\t\t\t\t<div class=\"elementor-element elementor-element-a25e0db elementor-widget elementor-widget-image\" data-id=\"a25e0db\" data-element_type=\"widget\" data-e-type=\"widget\" data-widget_type=\"image.default\">\n\t\t\t\t<div class=\"elementor-widget-container\">\n\t\t\t\t\t\t\t\t\t\t\t\t\t\t\t<img loading=\"lazy\" decoding=\"async\" width=\"810\" height=\"436\" src=\"https:\/\/www.grupoflipper.com.br\/wp-content\/uploads\/2026\/02\/Movimento_Bem-Estar_abqv.png\" class=\"attachment-full size-full wp-image-948\" alt=\"\" srcset=\"https:\/\/www.grupoflipper.com.br\/wp-content\/uploads\/2026\/02\/Movimento_Bem-Estar_abqv.png 810w, https:\/\/www.grupoflipper.com.br\/wp-content\/uploads\/2026\/02\/Movimento_Bem-Estar_abqv-300x161.png 300w, https:\/\/www.grupoflipper.com.br\/wp-content\/uploads\/2026\/02\/Movimento_Bem-Estar_abqv-768x413.png 768w\" sizes=\"(max-width: 810px) 100vw, 810px\" \/>\t\t\t\t\t\t\t\t\t\t\t\t\t\t\t<\/div>\n\t\t\t\t<\/div>\n\t\t\t\t\t<\/div>\n\t\t<\/div>\n\t\t\t\t<div class=\"elementor-column elementor-col-14 elementor-inner-column elementor-element elementor-element-94a61d1\" data-id=\"94a61d1\" data-element_type=\"column\" data-e-type=\"column\">\n\t\t\t<div class=\"elementor-widget-wrap elementor-element-populated\">\n\t\t\t\t\t\t<div class=\"elementor-element elementor-element-b91c627 elementor-widget elementor-widget-image\" data-id=\"b91c627\" data-element_type=\"widget\" data-e-type=\"widget\" data-widget_type=\"image.default\">\n\t\t\t\t<div class=\"elementor-widget-container\">\n\t\t\t\t\t\t\t\t\t\t\t\t\t\t\t<img loading=\"lazy\" decoding=\"async\" width=\"818\" height=\"818\" src=\"https:\/\/www.grupoflipper.com.br\/wp-content\/uploads\/2026\/02\/IATA_CASS_logo.png\" class=\"attachment-full size-full wp-image-945\" alt=\"\" srcset=\"https:\/\/www.grupoflipper.com.br\/wp-content\/uploads\/2026\/02\/IATA_CASS_logo.png 818w, https:\/\/www.grupoflipper.com.br\/wp-content\/uploads\/2026\/02\/IATA_CASS_logo-300x300.png 300w, https:\/\/www.grupoflipper.com.br\/wp-content\/uploads\/2026\/02\/IATA_CASS_logo-150x150.png 150w, https:\/\/www.grupoflipper.com.br\/wp-content\/uploads\/2026\/02\/IATA_CASS_logo-768x768.png 768w, https:\/\/www.grupoflipper.com.br\/wp-content\/uploads\/2026\/02\/IATA_CASS_logo-100x100.png 100w, https:\/\/www.grupoflipper.com.br\/wp-content\/uploads\/2026\/02\/IATA_CASS_logo-342x342.png 342w, https:\/\/www.grupoflipper.com.br\/wp-content\/uploads\/2026\/02\/IATA_CASS_logo-570x570.png 570w\" sizes=\"(max-width: 818px) 100vw, 818px\" \/>\t\t\t\t\t\t\t\t\t\t\t\t\t\t\t<\/div>\n\t\t\t\t<\/div>\n\t\t\t\t\t<\/div>\n\t\t<\/div>\n\t\t\t\t<div class=\"elementor-column elementor-col-14 elementor-inner-column elementor-element elementor-element-6f524c8\" data-id=\"6f524c8\" data-element_type=\"column\" data-e-type=\"column\">\n\t\t\t<div class=\"elementor-widget-wrap elementor-element-populated\">\n\t\t\t\t\t\t<div class=\"elementor-element elementor-element-26230ad elementor-widget elementor-widget-image\" data-id=\"26230ad\" data-element_type=\"widget\" data-e-type=\"widget\" data-widget_type=\"image.default\">\n\t\t\t\t<div class=\"elementor-widget-container\">\n\t\t\t\t\t\t\t\t\t\t\t\t\t\t\t<img loading=\"lazy\" decoding=\"async\" width=\"258\" height=\"259\" src=\"https:\/\/www.grupoflipper.com.br\/wp-content\/uploads\/2026\/02\/logo_fiata.png\" class=\"attachment-full size-full wp-image-947\" alt=\"\" srcset=\"https:\/\/www.grupoflipper.com.br\/wp-content\/uploads\/2026\/02\/logo_fiata.png 258w, https:\/\/www.grupoflipper.com.br\/wp-content\/uploads\/2026\/02\/logo_fiata-150x150.png 150w, https:\/\/www.grupoflipper.com.br\/wp-content\/uploads\/2026\/02\/logo_fiata-100x100.png 100w\" sizes=\"(max-width: 258px) 100vw, 258px\" \/>\t\t\t\t\t\t\t\t\t\t\t\t\t\t\t<\/div>\n\t\t\t\t<\/div>\n\t\t\t\t\t<\/div>\n\t\t<\/div>\n\t\t\t\t<div class=\"elementor-column elementor-col-14 elementor-inner-column elementor-element elementor-element-0f1684a\" data-id=\"0f1684a\" data-element_type=\"column\" data-e-type=\"column\">\n\t\t\t<div class=\"elementor-widget-wrap elementor-element-populated\">\n\t\t\t\t\t\t<div class=\"elementor-element elementor-element-2450dd8 elementor-widget elementor-widget-image\" data-id=\"2450dd8\" data-element_type=\"widget\" data-e-type=\"widget\" data-widget_type=\"image.default\">\n\t\t\t\t<div class=\"elementor-widget-container\">\n\t\t\t\t\t\t\t\t\t\t\t\t\t\t\t<img loading=\"lazy\" decoding=\"async\" width=\"1561\" height=\"1338\" src=\"https:\/\/www.grupoflipper.com.br\/wp-content\/uploads\/2026\/02\/ESG-Registered-Logo_2022.png\" class=\"attachment-full size-full wp-image-944\" alt=\"\" srcset=\"https:\/\/www.grupoflipper.com.br\/wp-content\/uploads\/2026\/02\/ESG-Registered-Logo_2022.png 1561w, https:\/\/www.grupoflipper.com.br\/wp-content\/uploads\/2026\/02\/ESG-Registered-Logo_2022-300x257.png 300w, https:\/\/www.grupoflipper.com.br\/wp-content\/uploads\/2026\/02\/ESG-Registered-Logo_2022-1024x878.png 1024w, https:\/\/www.grupoflipper.com.br\/wp-content\/uploads\/2026\/02\/ESG-Registered-Logo_2022-768x658.png 768w, https:\/\/www.grupoflipper.com.br\/wp-content\/uploads\/2026\/02\/ESG-Registered-Logo_2022-1536x1317.png 1536w\" sizes=\"(max-width: 1561px) 100vw, 1561px\" \/>\t\t\t\t\t\t\t\t\t\t\t\t\t\t\t<\/div>\n\t\t\t\t<\/div>\n\t\t\t\t\t<\/div>\n\t\t<\/div>\n\t\t\t\t<div class=\"elementor-column elementor-col-14 elementor-inner-column elementor-element elementor-element-d74e9a6\" data-id=\"d74e9a6\" data-element_type=\"column\" data-e-type=\"column\">\n\t\t\t<div class=\"elementor-widget-wrap elementor-element-populated\">\n\t\t\t\t\t\t<div class=\"elementor-element elementor-element-7c947d9 elementor-widget elementor-widget-image\" data-id=\"7c947d9\" data-element_type=\"widget\" data-e-type=\"widget\" data-widget_type=\"image.default\">\n\t\t\t\t<div class=\"elementor-widget-container\">\n\t\t\t\t\t\t\t\t\t\t\t\t\t\t\t<img loading=\"lazy\" decoding=\"async\" width=\"300\" height=\"246\" src=\"https:\/\/www.grupoflipper.com.br\/wp-content\/uploads\/2026\/02\/DUNS-Number-300x246-1.jpg\" class=\"attachment-full size-full wp-image-943\" alt=\"\" \/>\t\t\t\t\t\t\t\t\t\t\t\t\t\t\t<\/div>\n\t\t\t\t<\/div>\n\t\t\t\t\t<\/div>\n\t\t<\/div>\n\t\t\t\t\t<\/div>\n\t\t<\/section>\n\t\t\t\t\t<\/div>\n\t\t<\/div>\n\t\t\t\t\t<\/div>\n\t\t<\/section>\n\t\t\t\t<section class=\"elementor-section elementor-top-section elementor-element elementor-element-d28c11b elementor-section-boxed elementor-section-height-default elementor-section-height-default\" data-id=\"d28c11b\" data-element_type=\"section\" data-e-type=\"section\" data-settings=\"{&quot;background_background&quot;:&quot;classic&quot;}\">\n\t\t\t\t\t\t\t<div class=\"elementor-background-overlay\"><\/div>\n\t\t\t\t\t\t\t<div class=\"elementor-container elementor-column-gap-default\">\n\t\t\t\t\t<div class=\"elementor-column elementor-col-50 elementor-top-column elementor-element elementor-element-081ad66\" data-id=\"081ad66\" data-element_type=\"column\" data-e-type=\"column\">\n\t\t\t<div class=\"elementor-widget-wrap elementor-element-populated\">\n\t\t\t\t\t\t<div class=\"elementor-element elementor-element-62be306 callToaction elementor-mobile-align-center callToaction elementor-align-left elementor-widget elementor-widget-tw-call-to-action\" data-id=\"62be306\" data-element_type=\"widget\" data-e-type=\"widget\" data-widget_type=\"tw-call-to-action.default\">\n\t\t\t\t<div class=\"elementor-widget-container\">\n\t\t\t\t\t                <div class=\"cta_left\">\n                                            <h6>Count on the Grupo Flipper!<\/h6>\n                                                                <h2>Make your quotation with us<\/h2>\n                                    <\/div>\n                \t\t\t\t<\/div>\n\t\t\t\t<\/div>\n\t\t\t\t\t<\/div>\n\t\t<\/div>\n\t\t\t\t<div class=\"elementor-column elementor-col-50 elementor-top-column elementor-element elementor-element-84366b5\" data-id=\"84366b5\" data-element_type=\"column\" data-e-type=\"column\">\n\t\t\t<div class=\"elementor-widget-wrap elementor-element-populated\">\n\t\t\t\t\t\t<div class=\"elementor-element elementor-element-b65e383 btn_align elementor-align-right btn_align elementor-mobile-align-center elementor-widget elementor-widget-tw-button\" data-id=\"b65e383\" data-element_type=\"widget\" data-e-type=\"widget\" data-widget_type=\"tw-button.default\">\n\t\t\t\t<div class=\"elementor-widget-container\">\n\t\t\t\t\t                    <a href=\"https:\/\/api.whatsapp.com\/send\/?phone=5513935000114&amp;text&amp;type=phone_number&amp;app_absent=0\"  target=\"_blank\"  rel=\"nofollow\" class=\"ind_btn_icon\">\n                        <span>\n                                                            <i class=\"twi-phone2\"><\/i>\n                                                        Contact Us                        <\/span>\n                    <\/a>\n                \t\t\t\t<\/div>\n\t\t\t\t<\/div>\n\t\t\t\t\t<\/div>\n\t\t<\/div>\n\t\t\t\t\t<\/div>\n\t\t<\/section>\n\t\t\t\t<\/div>","protected":false},"excerpt":{"rendered":"<p>Lorem Ipsum Pol\u00edticas Pol\u00edticas Grupo Flipper As pol\u00edticas do Grupo Flipper refletem o compromisso com \u00e9tica, transpar\u00eancia e responsabilidade em todas as rela\u00e7\u00f5es. Mais do que diretrizes formais, elas estruturam a forma como a empresa conduz suas opera\u00e7\u00f5es, protege dados e se posiciona frente \u00e0s demandas do mercado e da sociedade. Alinhadas aos princ\u00edpios de [&hellip;]<\/p>\n","protected":false},"author":1,"featured_media":0,"parent":0,"menu_order":0,"comment_status":"closed","ping_status":"closed","template":"page-templates\/full-width.php","meta":{"footnotes":""},"class_list":["post-3012","page","type-page","status-publish","hentry"],"_links":{"self":[{"href":"https:\/\/www.grupoflipper.com.br\/en\/wp-json\/wp\/v2\/pages\/3012","targetHints":{"allow":["GET"]}}],"collection":[{"href":"https:\/\/www.grupoflipper.com.br\/en\/wp-json\/wp\/v2\/pages"}],"about":[{"href":"https:\/\/www.grupoflipper.com.br\/en\/wp-json\/wp\/v2\/types\/page"}],"author":[{"embeddable":true,"href":"https:\/\/www.grupoflipper.com.br\/en\/wp-json\/wp\/v2\/users\/1"}],"replies":[{"embeddable":true,"href":"https:\/\/www.grupoflipper.com.br\/en\/wp-json\/wp\/v2\/comments?post=3012"}],"version-history":[{"count":109,"href":"https:\/\/www.grupoflipper.com.br\/en\/wp-json\/wp\/v2\/pages\/3012\/revisions"}],"predecessor-version":[{"id":3877,"href":"https:\/\/www.grupoflipper.com.br\/en\/wp-json\/wp\/v2\/pages\/3012\/revisions\/3877"}],"wp:attachment":[{"href":"https:\/\/www.grupoflipper.com.br\/en\/wp-json\/wp\/v2\/media?parent=3012"}],"curies":[{"name":"wp","href":"https:\/\/api.w.org\/{rel}","templated":true}]}}