{"id":627,"date":"2019-12-19T09:05:04","date_gmt":"2019-12-19T09:05:04","guid":{"rendered":"https:\/\/flipper.unielo.com.br\/?page_id=627"},"modified":"2026-04-07T22:30:52","modified_gmt":"2026-04-08T01:30:52","slug":"noticias","status":"publish","type":"page","link":"https:\/\/www.grupoflipper.com.br\/en\/noticias\/","title":{"rendered":"News"},"content":{"rendered":"<div data-elementor-type=\"wp-page\" data-elementor-id=\"627\" class=\"elementor elementor-627\" data-elementor-post-type=\"page\">\n\t\t\t\t<div class=\"elementor-element elementor-element-b2fe6f5 e-con-full e-flex e-con e-parent\" data-id=\"b2fe6f5\" data-element_type=\"container\" data-e-type=\"container\" data-settings=\"{&quot;background_background&quot;:&quot;classic&quot;}\">\n\t\t<div class=\"elementor-element elementor-element-6f1cfad e-con-full e-flex e-con e-child\" data-id=\"6f1cfad\" data-element_type=\"container\" data-e-type=\"container\">\n\t\t\t\t<div class=\"elementor-element elementor-element-17fe010 elementor-widget elementor-widget-heading\" data-id=\"17fe010\" data-element_type=\"widget\" data-e-type=\"widget\" data-widget_type=\"heading.default\">\n\t\t\t\t<div class=\"elementor-widget-container\">\n\t\t\t\t\t<h2 class=\"elementor-heading-title elementor-size-default\">News<\/h2>\t\t\t\t<\/div>\n\t\t\t\t<\/div>\n\t\t\t\t<div class=\"elementor-element elementor-element-dea09c8 text_align elementor-align-center elementor-widget elementor-widget-xs-heading\" data-id=\"dea09c8\" data-element_type=\"widget\" data-e-type=\"widget\" data-widget_type=\"xs-heading.default\">\n\t\t\t\t<div class=\"elementor-widget-container\">\n\t\t\t\t\t                <p class=\"ind_ps ind_lead\">Stay up-to-date with news, trends, and information.<\/p>\r\n            \t\t\t\t<\/div>\n\t\t\t\t<\/div>\n\t\t\t\t<\/div>\n\t\t\t\t<\/div>\n\t\t\t\t<section class=\"elementor-section elementor-top-section elementor-element elementor-element-ce193af elementor-section-boxed elementor-section-height-default elementor-section-height-default\" data-id=\"ce193af\" data-element_type=\"section\" data-e-type=\"section\" data-settings=\"{&quot;background_background&quot;:&quot;classic&quot;}\">\n\t\t\t\t\t\t<div class=\"elementor-container elementor-column-gap-default\">\n\t\t\t\t\t<div class=\"elementor-column elementor-col-100 elementor-top-column elementor-element elementor-element-a5f351f\" data-id=\"a5f351f\" data-element_type=\"column\" data-e-type=\"column\">\n\t\t\t<div class=\"elementor-widget-wrap elementor-element-populated\">\n\t\t\t\t\t\t<div class=\"elementor-element elementor-element-d496121 section_titles elementor-align-center elementor-widget elementor-widget-tw-section-title\" data-id=\"d496121\" data-element_type=\"widget\" data-e-type=\"widget\" data-widget_type=\"tw-section-title.default\">\n\t\t\t\t<div class=\"elementor-widget-container\">\n\t\t\t\t\t                    <h6 class=\"sub_title\">BLOG<\/h6>\n                            <h2 class=\"sec_title with_bar\">\n                                    <span>Latest news<\/span>\n                            <\/h2>\n                \t\t\t\t<\/div>\n\t\t\t\t<\/div>\n\t\t\t\t<div class=\"elementor-element elementor-element-5f65cef elementor-widget elementor-widget-tw-post\" data-id=\"5f65cef\" data-element_type=\"widget\" data-e-type=\"widget\" data-widget_type=\"tw-post.default\">\n\t\t\t\t<div class=\"elementor-widget-container\">\n\t\t\t\t\t    <div class=\"row\">\n                                    <div class=\"col-xl-4 col-lg-4\">\n                    <div class=\"blogItem3\">\n                                                                                    <div class=\"bi3_thumb\">\n                                    <img fetchpriority=\"high\" decoding=\"async\" width=\"360\" height=\"280\" src=\"https:\/\/www.grupoflipper.com.br\/wp-content\/uploads\/2019\/12\/engel.ac_-360x280.jpg\" class=\"attachment-industing-blog-3 size-industing-blog-3 wp-post-image\" alt=\"\" \/>                                                                    <\/div>\n                                                                            <p class=\"bmeta\">\n                            <a href=\"https:\/\/www.grupoflipper.com.br\/en\/drawback-como-reduzir-custos-e-potencializar-exportacoes\/\"><i class=\"twi-calendar-alt2\"><\/i>25th, Oct, 2025<\/a>\n                            <a href=\"https:\/\/www.grupoflipper.com.br\/en\/drawback-como-reduzir-custos-e-potencializar-exportacoes\/\"><i class=\"twi-comments2\"><\/i>0 Comment<\/a>\n                        <\/p>\n                        <h3>\n                            <a href=\"https:\/\/www.grupoflipper.com.br\/en\/drawback-como-reduzir-custos-e-potencializar-exportacoes\/\">\n                                Drawback: How to Reduce Costs and Boost Exports                            <\/a>\n                        <\/h3>\n                        <div class=\"bdesc\">\n                            Introdu\u00e7\u00e3o\n\n\n\nNo cen\u00e1rio atual do com\u00e9rcio exterior, empresas que buscam competitividade global precisam, mais do que nunca, conhecer ferramentas que otimizam custos e aumentam a efici\u00eancia operacional. Importar insumos com custos elevados pode minar sua margem de lucro, mas existe uma solu\u00e7\u00e3o estrat\u00e9gica e legal para isso.\n\n\n\nUma das ferramentas mais importantes \u00e9 o regime aduaneiro especial conhecido como                         <\/div>\n                        <div class=\"bauthor\">\n                            <img decoding=\"async\" src=\"https:\/\/secure.gravatar.com\/avatar\/?s=170&#038;d=mm&#038;r=g\" alt=\"carolinavprofissional@gmail.com\">\n                            <a href=\"https:\/\/www.grupoflipper.com.br\/en\/author\/carolinavprofissionalgmail-com\/\">carolinavprofissional@gmail.com<\/a>\n                        <\/div>\n                    <\/div>\n                <\/div>\n                                <div class=\"col-xl-4 col-lg-4\">\n                    <div class=\"blogItem3\">\n                                                                                    <div class=\"bi3_thumb\">\n                                    <img decoding=\"async\" width=\"360\" height=\"280\" src=\"https:\/\/www.grupoflipper.com.br\/wp-content\/uploads\/2019\/12\/Foto-flipper-blog-1-1-360x280.jpg\" class=\"attachment-industing-blog-3 size-industing-blog-3 wp-post-image\" alt=\"\" \/>                                                                    <\/div>\n                                                                            <p class=\"bmeta\">\n                            <a href=\"https:\/\/www.grupoflipper.com.br\/en\/digitalizacao-e-automacao-dos-processos-aduaneiros-transformando-o-comercio-exterior\/\"><i class=\"twi-calendar-alt2\"><\/i>23rd, Oct, 2025<\/a>\n                            <a href=\"https:\/\/www.grupoflipper.com.br\/en\/digitalizacao-e-automacao-dos-processos-aduaneiros-transformando-o-comercio-exterior\/\"><i class=\"twi-comments2\"><\/i>0 Comment<\/a>\n                        <\/p>\n                        <h3>\n                            <a href=\"https:\/\/www.grupoflipper.com.br\/en\/digitalizacao-e-automacao-dos-processos-aduaneiros-transformando-o-comercio-exterior\/\">\n                                Digitization and Automation of Customs Processes                            <\/a>\n                        <\/h3>\n                        <div class=\"bdesc\">\n                            Introdu\u00e7\u00e3o\n\n\n\nO com\u00e9rcio exterior est\u00e1 passando por uma verdadeira revolu\u00e7\u00e3o n\u00e3o muito silenciosa. A transforma\u00e7\u00e3o digital tem impactado profundamente o setor aduaneiro, promovendo mais efici\u00eancia, seguran\u00e7a e agilidade nos tr\u00e2mites internacionais. Nesse cen\u00e1rio, os processos aduaneiros digitais v\u00eam ganhando protagonismo, com a automa\u00e7\u00e3o como pilar essencial para modernizar opera\u00e7\u00f5es e reduzir                         <\/div>\n                        <div class=\"bauthor\">\n                            <img decoding=\"async\" src=\"https:\/\/secure.gravatar.com\/avatar\/?s=170&#038;d=mm&#038;r=g\" alt=\"carolinavprofissional@gmail.com\">\n                            <a href=\"https:\/\/www.grupoflipper.com.br\/en\/author\/carolinavprofissionalgmail-com\/\">carolinavprofissional@gmail.com<\/a>\n                        <\/div>\n                    <\/div>\n                <\/div>\n                                <div class=\"col-xl-4 col-lg-4\">\n                    <div class=\"blogItem3\">\n                                                                                    <div class=\"bi3_thumb\">\n                                    <img decoding=\"async\" width=\"360\" height=\"280\" src=\"https:\/\/www.grupoflipper.com.br\/wp-content\/uploads\/2019\/12\/Foto-flipper-blog-1-360x280.jpg\" class=\"attachment-industing-blog-3 size-industing-blog-3 wp-post-image\" alt=\"\" \/>                                                                    <\/div>\n                                                                            <p class=\"bmeta\">\n                            <a href=\"https:\/\/www.grupoflipper.com.br\/en\/o-capital-humano-no-comercio-exterior\/\"><i class=\"twi-calendar-alt2\"><\/i>30th, Jun, 2025<\/a>\n                            <a href=\"https:\/\/www.grupoflipper.com.br\/en\/o-capital-humano-no-comercio-exterior\/\"><i class=\"twi-comments2\"><\/i>0 Comment<\/a>\n                        <\/p>\n                        <h3>\n                            <a href=\"https:\/\/www.grupoflipper.com.br\/en\/o-capital-humano-no-comercio-exterior\/\">\n                                Human Capital in Foreign Trade                            <\/a>\n                        <\/h3>\n                        <div class=\"bdesc\">\n                            Introdu\u00e7\u00e3o\n\n\n\nHoje, queremos mergulhar em um tema que, embora muitas vezes relegado ao segundo plano, \u00e9 o verdadeiro motor de qualquer opera\u00e7\u00e3o bem-sucedida no Com\u00e9rcio Exterior: a gest\u00e3o de pessoas. Em um setor que lida com complexidades regulat\u00f3rias, fusos hor\u00e1rios, diferentes culturas e a din\u00e2mica ininterrupta do mercado global, a equipe n\u00e3o \u00e9 apenas um recurso; \u00e9 o ativo mais valioso.\n\n\n\nMuitos falam                        <\/div>\n                        <div class=\"bauthor\">\n                            <img decoding=\"async\" src=\"https:\/\/secure.gravatar.com\/avatar\/?s=170&#038;d=mm&#038;r=g\" alt=\"carolinavprofissional@gmail.com\">\n                            <a href=\"https:\/\/www.grupoflipper.com.br\/en\/author\/carolinavprofissionalgmail-com\/\">carolinavprofissional@gmail.com<\/a>\n                        <\/div>\n                    <\/div>\n                <\/div>\n                            <\/div>\n         \t\t\t\t<\/div>\n\t\t\t\t<\/div>\n\t\t\t\t\t<\/div>\n\t\t<\/div>\n\t\t\t\t\t<\/div>\n\t\t<\/section>\n\t\t\t\t<section class=\"elementor-section elementor-top-section elementor-element elementor-element-a2ef489 elementor-section-boxed elementor-section-height-default elementor-section-height-default\" data-id=\"a2ef489\" data-element_type=\"section\" data-e-type=\"section\" data-settings=\"{&quot;background_background&quot;:&quot;classic&quot;}\">\n\t\t\t\t\t\t<div class=\"elementor-container elementor-column-gap-default\">\n\t\t\t\t\t<div class=\"elementor-column elementor-col-100 elementor-top-column elementor-element elementor-element-0e30c7f\" data-id=\"0e30c7f\" data-element_type=\"column\" data-e-type=\"column\">\n\t\t\t<div class=\"elementor-widget-wrap elementor-element-populated\">\n\t\t\t\t\t\t<div class=\"elementor-element elementor-element-f673d0d section_titles elementor-align-center elementor-widget elementor-widget-tw-section-title\" data-id=\"f673d0d\" data-element_type=\"widget\" data-e-type=\"widget\" data-widget_type=\"tw-section-title.default\">\n\t\t\t\t<div class=\"elementor-widget-container\">\n\t\t\t\t\t                    <h6 class=\"sub_title\">WE ARE PRESENT<\/h6>\n                            <h2 class=\"sec_title with_bar\">\n                                    <span>Affiliations and participations<\/span>\n                            <\/h2>\n                \t\t\t\t<\/div>\n\t\t\t\t<\/div>\n\t\t\t\t<section class=\"elementor-section elementor-inner-section elementor-element elementor-element-b3d58e7 elementor-section-content-middle elementor-section-boxed elementor-section-height-default elementor-section-height-default\" data-id=\"b3d58e7\" data-element_type=\"section\" data-e-type=\"section\">\n\t\t\t\t\t\t<div class=\"elementor-container elementor-column-gap-default\">\n\t\t\t\t\t<div class=\"elementor-column elementor-col-14 elementor-inner-column elementor-element elementor-element-fd803c8\" data-id=\"fd803c8\" data-element_type=\"column\" data-e-type=\"column\">\n\t\t\t<div class=\"elementor-widget-wrap elementor-element-populated\">\n\t\t\t\t\t\t<div class=\"elementor-element elementor-element-4d6af9f elementor-widget elementor-widget-image\" data-id=\"4d6af9f\" data-element_type=\"widget\" data-e-type=\"widget\" data-widget_type=\"image.default\">\n\t\t\t\t<div class=\"elementor-widget-container\">\n\t\t\t\t\t\t\t\t\t\t\t\t\t\t\t<img loading=\"lazy\" decoding=\"async\" width=\"321\" height=\"135\" src=\"https:\/\/www.grupoflipper.com.br\/wp-content\/uploads\/2026\/02\/acs-logo.png\" class=\"attachment-full size-full wp-image-1070\" alt=\"\" srcset=\"https:\/\/www.grupoflipper.com.br\/wp-content\/uploads\/2026\/02\/acs-logo.png 321w, https:\/\/www.grupoflipper.com.br\/wp-content\/uploads\/2026\/02\/acs-logo-300x126.png 300w\" sizes=\"(max-width: 321px) 100vw, 321px\" \/>\t\t\t\t\t\t\t\t\t\t\t\t\t\t\t<\/div>\n\t\t\t\t<\/div>\n\t\t\t\t\t<\/div>\n\t\t<\/div>\n\t\t\t\t<div class=\"elementor-column elementor-col-14 elementor-inner-column elementor-element elementor-element-8a91ee4\" data-id=\"8a91ee4\" data-element_type=\"column\" data-e-type=\"column\">\n\t\t\t<div class=\"elementor-widget-wrap elementor-element-populated\">\n\t\t\t\t\t\t<div class=\"elementor-element elementor-element-789ba37 elementor-widget elementor-widget-image\" data-id=\"789ba37\" data-element_type=\"widget\" data-e-type=\"widget\" data-widget_type=\"image.default\">\n\t\t\t\t<div class=\"elementor-widget-container\">\n\t\t\t\t\t\t\t\t\t\t\t\t\t\t\t<img loading=\"lazy\" decoding=\"async\" width=\"1085\" height=\"739\" src=\"https:\/\/www.grupoflipper.com.br\/wp-content\/uploads\/2026\/02\/Movimento_ODS_Santos_2030.png\" class=\"attachment-full size-full wp-image-949\" alt=\"\" srcset=\"https:\/\/www.grupoflipper.com.br\/wp-content\/uploads\/2026\/02\/Movimento_ODS_Santos_2030.png 1085w, https:\/\/www.grupoflipper.com.br\/wp-content\/uploads\/2026\/02\/Movimento_ODS_Santos_2030-300x204.png 300w, https:\/\/www.grupoflipper.com.br\/wp-content\/uploads\/2026\/02\/Movimento_ODS_Santos_2030-1024x697.png 1024w, https:\/\/www.grupoflipper.com.br\/wp-content\/uploads\/2026\/02\/Movimento_ODS_Santos_2030-768x523.png 768w\" sizes=\"(max-width: 1085px) 100vw, 1085px\" \/>\t\t\t\t\t\t\t\t\t\t\t\t\t\t\t<\/div>\n\t\t\t\t<\/div>\n\t\t\t\t\t<\/div>\n\t\t<\/div>\n\t\t\t\t<div class=\"elementor-column elementor-col-14 elementor-inner-column elementor-element elementor-element-c80ce8a\" data-id=\"c80ce8a\" data-element_type=\"column\" data-e-type=\"column\">\n\t\t\t<div class=\"elementor-widget-wrap elementor-element-populated\">\n\t\t\t\t\t\t<div class=\"elementor-element elementor-element-eaa65de elementor-widget elementor-widget-image\" data-id=\"eaa65de\" data-element_type=\"widget\" data-e-type=\"widget\" data-widget_type=\"image.default\">\n\t\t\t\t<div class=\"elementor-widget-container\">\n\t\t\t\t\t\t\t\t\t\t\t\t\t\t\t<img loading=\"lazy\" decoding=\"async\" width=\"810\" height=\"436\" src=\"https:\/\/www.grupoflipper.com.br\/wp-content\/uploads\/2026\/02\/Movimento_Bem-Estar_abqv.png\" class=\"attachment-full size-full wp-image-948\" alt=\"\" srcset=\"https:\/\/www.grupoflipper.com.br\/wp-content\/uploads\/2026\/02\/Movimento_Bem-Estar_abqv.png 810w, https:\/\/www.grupoflipper.com.br\/wp-content\/uploads\/2026\/02\/Movimento_Bem-Estar_abqv-300x161.png 300w, https:\/\/www.grupoflipper.com.br\/wp-content\/uploads\/2026\/02\/Movimento_Bem-Estar_abqv-768x413.png 768w\" sizes=\"(max-width: 810px) 100vw, 810px\" \/>\t\t\t\t\t\t\t\t\t\t\t\t\t\t\t<\/div>\n\t\t\t\t<\/div>\n\t\t\t\t\t<\/div>\n\t\t<\/div>\n\t\t\t\t<div class=\"elementor-column elementor-col-14 elementor-inner-column elementor-element elementor-element-a237baf\" data-id=\"a237baf\" data-element_type=\"column\" data-e-type=\"column\">\n\t\t\t<div class=\"elementor-widget-wrap elementor-element-populated\">\n\t\t\t\t\t\t<div class=\"elementor-element elementor-element-b696c1f elementor-widget elementor-widget-image\" data-id=\"b696c1f\" data-element_type=\"widget\" data-e-type=\"widget\" data-widget_type=\"image.default\">\n\t\t\t\t<div class=\"elementor-widget-container\">\n\t\t\t\t\t\t\t\t\t\t\t\t\t\t\t<img loading=\"lazy\" decoding=\"async\" width=\"818\" height=\"818\" src=\"https:\/\/www.grupoflipper.com.br\/wp-content\/uploads\/2026\/02\/IATA_CASS_logo.png\" class=\"attachment-full size-full wp-image-945\" alt=\"\" srcset=\"https:\/\/www.grupoflipper.com.br\/wp-content\/uploads\/2026\/02\/IATA_CASS_logo.png 818w, https:\/\/www.grupoflipper.com.br\/wp-content\/uploads\/2026\/02\/IATA_CASS_logo-300x300.png 300w, https:\/\/www.grupoflipper.com.br\/wp-content\/uploads\/2026\/02\/IATA_CASS_logo-150x150.png 150w, https:\/\/www.grupoflipper.com.br\/wp-content\/uploads\/2026\/02\/IATA_CASS_logo-768x768.png 768w, https:\/\/www.grupoflipper.com.br\/wp-content\/uploads\/2026\/02\/IATA_CASS_logo-100x100.png 100w, https:\/\/www.grupoflipper.com.br\/wp-content\/uploads\/2026\/02\/IATA_CASS_logo-342x342.png 342w, https:\/\/www.grupoflipper.com.br\/wp-content\/uploads\/2026\/02\/IATA_CASS_logo-570x570.png 570w\" sizes=\"(max-width: 818px) 100vw, 818px\" \/>\t\t\t\t\t\t\t\t\t\t\t\t\t\t\t<\/div>\n\t\t\t\t<\/div>\n\t\t\t\t\t<\/div>\n\t\t<\/div>\n\t\t\t\t<div class=\"elementor-column elementor-col-14 elementor-inner-column elementor-element elementor-element-2cdf9ee\" data-id=\"2cdf9ee\" data-element_type=\"column\" data-e-type=\"column\">\n\t\t\t<div class=\"elementor-widget-wrap elementor-element-populated\">\n\t\t\t\t\t\t<div class=\"elementor-element elementor-element-0002993 elementor-widget elementor-widget-image\" data-id=\"0002993\" data-element_type=\"widget\" data-e-type=\"widget\" data-widget_type=\"image.default\">\n\t\t\t\t<div class=\"elementor-widget-container\">\n\t\t\t\t\t\t\t\t\t\t\t\t\t\t\t<img loading=\"lazy\" decoding=\"async\" width=\"258\" height=\"259\" src=\"https:\/\/www.grupoflipper.com.br\/wp-content\/uploads\/2026\/02\/logo_fiata.png\" class=\"attachment-full size-full wp-image-947\" alt=\"\" srcset=\"https:\/\/www.grupoflipper.com.br\/wp-content\/uploads\/2026\/02\/logo_fiata.png 258w, https:\/\/www.grupoflipper.com.br\/wp-content\/uploads\/2026\/02\/logo_fiata-150x150.png 150w, https:\/\/www.grupoflipper.com.br\/wp-content\/uploads\/2026\/02\/logo_fiata-100x100.png 100w\" sizes=\"(max-width: 258px) 100vw, 258px\" \/>\t\t\t\t\t\t\t\t\t\t\t\t\t\t\t<\/div>\n\t\t\t\t<\/div>\n\t\t\t\t\t<\/div>\n\t\t<\/div>\n\t\t\t\t<div class=\"elementor-column elementor-col-14 elementor-inner-column elementor-element elementor-element-8809e69\" data-id=\"8809e69\" data-element_type=\"column\" data-e-type=\"column\">\n\t\t\t<div class=\"elementor-widget-wrap elementor-element-populated\">\n\t\t\t\t\t\t<div class=\"elementor-element elementor-element-3a3d6c5 elementor-widget elementor-widget-image\" data-id=\"3a3d6c5\" data-element_type=\"widget\" data-e-type=\"widget\" data-widget_type=\"image.default\">\n\t\t\t\t<div class=\"elementor-widget-container\">\n\t\t\t\t\t\t\t\t\t\t\t\t\t\t\t<img loading=\"lazy\" decoding=\"async\" width=\"1561\" height=\"1338\" src=\"https:\/\/www.grupoflipper.com.br\/wp-content\/uploads\/2026\/02\/ESG-Registered-Logo_2022.png\" class=\"attachment-full size-full wp-image-944\" alt=\"\" srcset=\"https:\/\/www.grupoflipper.com.br\/wp-content\/uploads\/2026\/02\/ESG-Registered-Logo_2022.png 1561w, https:\/\/www.grupoflipper.com.br\/wp-content\/uploads\/2026\/02\/ESG-Registered-Logo_2022-300x257.png 300w, https:\/\/www.grupoflipper.com.br\/wp-content\/uploads\/2026\/02\/ESG-Registered-Logo_2022-1024x878.png 1024w, https:\/\/www.grupoflipper.com.br\/wp-content\/uploads\/2026\/02\/ESG-Registered-Logo_2022-768x658.png 768w, https:\/\/www.grupoflipper.com.br\/wp-content\/uploads\/2026\/02\/ESG-Registered-Logo_2022-1536x1317.png 1536w\" sizes=\"(max-width: 1561px) 100vw, 1561px\" \/>\t\t\t\t\t\t\t\t\t\t\t\t\t\t\t<\/div>\n\t\t\t\t<\/div>\n\t\t\t\t\t<\/div>\n\t\t<\/div>\n\t\t\t\t<div class=\"elementor-column elementor-col-14 elementor-inner-column elementor-element elementor-element-afdf9bf\" data-id=\"afdf9bf\" data-element_type=\"column\" data-e-type=\"column\">\n\t\t\t<div class=\"elementor-widget-wrap elementor-element-populated\">\n\t\t\t\t\t\t<div class=\"elementor-element elementor-element-6cf09e1 elementor-widget elementor-widget-image\" data-id=\"6cf09e1\" data-element_type=\"widget\" data-e-type=\"widget\" data-widget_type=\"image.default\">\n\t\t\t\t<div class=\"elementor-widget-container\">\n\t\t\t\t\t\t\t\t\t\t\t\t\t\t\t<img loading=\"lazy\" decoding=\"async\" width=\"300\" height=\"246\" src=\"https:\/\/www.grupoflipper.com.br\/wp-content\/uploads\/2026\/02\/DUNS-Number-300x246-1.jpg\" class=\"attachment-full size-full wp-image-943\" alt=\"\" \/>\t\t\t\t\t\t\t\t\t\t\t\t\t\t\t<\/div>\n\t\t\t\t<\/div>\n\t\t\t\t\t<\/div>\n\t\t<\/div>\n\t\t\t\t\t<\/div>\n\t\t<\/section>\n\t\t\t\t\t<\/div>\n\t\t<\/div>\n\t\t\t\t\t<\/div>\n\t\t<\/section>\n\t\t\t\t<section class=\"elementor-section elementor-top-section elementor-element elementor-element-7993f5c elementor-section-boxed elementor-section-height-default elementor-section-height-default\" data-id=\"7993f5c\" data-element_type=\"section\" data-e-type=\"section\" data-settings=\"{&quot;background_background&quot;:&quot;classic&quot;}\">\n\t\t\t\t\t\t\t<div class=\"elementor-background-overlay\"><\/div>\n\t\t\t\t\t\t\t<div class=\"elementor-container elementor-column-gap-default\">\n\t\t\t\t\t<div class=\"elementor-column elementor-col-50 elementor-top-column elementor-element elementor-element-414b2f2\" data-id=\"414b2f2\" data-element_type=\"column\" data-e-type=\"column\">\n\t\t\t<div class=\"elementor-widget-wrap elementor-element-populated\">\n\t\t\t\t\t\t<div class=\"elementor-element elementor-element-c6073ff callToaction elementor-mobile-align-center callToaction elementor-align-left elementor-widget elementor-widget-tw-call-to-action\" data-id=\"c6073ff\" data-element_type=\"widget\" data-e-type=\"widget\" data-widget_type=\"tw-call-to-action.default\">\n\t\t\t\t<div class=\"elementor-widget-container\">\n\t\t\t\t\t                <div class=\"cta_left\">\n                                            <h6>Count on the Grupo Flipper!<\/h6>\n                                                                <h2>Make your quotation with us<\/h2>\n                                    <\/div>\n                \t\t\t\t<\/div>\n\t\t\t\t<\/div>\n\t\t\t\t\t<\/div>\n\t\t<\/div>\n\t\t\t\t<div class=\"elementor-column elementor-col-50 elementor-top-column elementor-element elementor-element-07d7e10\" data-id=\"07d7e10\" data-element_type=\"column\" data-e-type=\"column\">\n\t\t\t<div class=\"elementor-widget-wrap elementor-element-populated\">\n\t\t\t\t\t\t<div class=\"elementor-element elementor-element-7314e9d btn_align elementor-align-right btn_align elementor-mobile-align-center elementor-widget elementor-widget-tw-button\" data-id=\"7314e9d\" data-element_type=\"widget\" data-e-type=\"widget\" data-widget_type=\"tw-button.default\">\n\t\t\t\t<div class=\"elementor-widget-container\">\n\t\t\t\t\t                    <a href=\"https:\/\/api.whatsapp.com\/send\/?phone=5513935000114&amp;text&amp;type=phone_number&amp;app_absent=0\"  target=\"_blank\"  rel=\"nofollow\" class=\"ind_btn_icon\">\n                        <span>\n                                                            <i class=\"twi-phone2\"><\/i>\n                                                        Contact Us                        <\/span>\n                    <\/a>\n                \t\t\t\t<\/div>\n\t\t\t\t<\/div>\n\t\t\t\t\t<\/div>\n\t\t<\/div>\n\t\t\t\t\t<\/div>\n\t\t<\/section>\n\t\t\t\t<\/div>","protected":false},"excerpt":{"rendered":"<p>Acompanhe novidades, tend\u00eancias e informa\u00e7\u00f5es BLOG \u00daltimas not\u00edcias 25th, out, 2025 0 Comment Drawback: Como Reduzir Custos e Potencializar Exporta Introdu\u00e7\u00e3o No cen\u00e1rio atual do com\u00e9rcio exterior, empresas que buscam competitividade global precisam, mais do que nunca, conhecer ferramentas que otimizam custos e aumentam a efici\u00eancia operacional. Importar insumos com custos elevados pode minar sua [&hellip;]<\/p>\n","protected":false},"author":1,"featured_media":0,"parent":0,"menu_order":0,"comment_status":"closed","ping_status":"closed","template":"page-templates\/full-width.php","meta":{"footnotes":""},"class_list":["post-627","page","type-page","status-publish","hentry"],"_links":{"self":[{"href":"https:\/\/www.grupoflipper.com.br\/en\/wp-json\/wp\/v2\/pages\/627","targetHints":{"allow":["GET"]}}],"collection":[{"href":"https:\/\/www.grupoflipper.com.br\/en\/wp-json\/wp\/v2\/pages"}],"about":[{"href":"https:\/\/www.grupoflipper.com.br\/en\/wp-json\/wp\/v2\/types\/page"}],"author":[{"embeddable":true,"href":"https:\/\/www.grupoflipper.com.br\/en\/wp-json\/wp\/v2\/users\/1"}],"replies":[{"embeddable":true,"href":"https:\/\/www.grupoflipper.com.br\/en\/wp-json\/wp\/v2\/comments?post=627"}],"version-history":[{"count":39,"href":"https:\/\/www.grupoflipper.com.br\/en\/wp-json\/wp\/v2\/pages\/627\/revisions"}],"predecessor-version":[{"id":3868,"href":"https:\/\/www.grupoflipper.com.br\/en\/wp-json\/wp\/v2\/pages\/627\/revisions\/3868"}],"wp:attachment":[{"href":"https:\/\/www.grupoflipper.com.br\/en\/wp-json\/wp\/v2\/media?parent=627"}],"curies":[{"name":"wp","href":"https:\/\/api.w.org\/{rel}","templated":true}]}}